{"id":3252,"date":"2025-01-13T13:40:18","date_gmt":"2025-01-13T12:40:18","guid":{"rendered":"http:\/\/localhost\/caracola\/?post_type=product&#038;p=3252"},"modified":"2025-12-09T10:10:08","modified_gmt":"2025-12-09T09:10:08","slug":"toast-with-tomato-ham-iberian-ham","status":"publish","type":"product","link":"https:\/\/www.caracolabrunch.es\/es\/producto\/toast-with-tomato-ham-iberian-ham\/","title":{"rendered":"Tosta con tomate y jam\u00f3n ib\u00e9rico de Guijuelo"},"content":{"rendered":"","protected":false},"excerpt":{"rendered":"<p>Pan brioche artesanal elaborado en nuestra panader\u00eda, ligeramente tostado y servido con tumaca (pasta de tomate) y jam\u00f3n ib\u00e9rico de Guijuelo.<\/p>","protected":false},"featured_media":3378,"template":"","meta":[],"product_cat":[69],"product_tag":[58,63],"class_list":{"0":"post-3252","1":"product","2":"type-product","3":"status-publish","4":"has-post-thumbnail","6":"product_cat-toast","7":"product_tag-todos","8":"product_tag-tostas","10":"first","11":"instock","12":"shipping-taxable","13":"purchasable","14":"product-type-simple"},"yoast_head":"<!-- This site is optimized with the Yoast SEO plugin v24.4 - https:\/\/yoast.com\/wordpress\/plugins\/seo\/ -->\n<title>Toast with tomato and Guijuelo Iberian ham - CARACOLA BRUNCH<\/title>\n<meta name=\"description\" content=\"Toast with tomato and Guijuelo Iberian ham CARACOLA BRUNCH\" \/>\n<meta name=\"robots\" content=\"index, follow, max-snippet:-1, max-image-preview:large, max-video-preview:-1\" \/>\n<link rel=\"canonical\" href=\"https:\/\/www.caracolabrunch.es\/es\/producto\/toast-with-tomato-ham-iberian-ham\/\" \/>\n<meta property=\"og:locale\" content=\"es_ES\" \/>\n<meta property=\"og:type\" content=\"article\" \/>\n<meta property=\"og:title\" content=\"Toast with tomato and Guijuelo Iberian ham - CARACOLA BRUNCH\" \/>\n<meta property=\"og:description\" content=\"Toast with tomato and Guijuelo Iberian ham CARACOLA BRUNCH\" \/>\n<meta property=\"og:url\" content=\"https:\/\/www.caracolabrunch.es\/es\/producto\/toast-with-tomato-ham-iberian-ham\/\" \/>\n<meta property=\"og:site_name\" content=\"CARACOLA BRUNCH\" \/>\n<meta property=\"article:modified_time\" content=\"2025-12-09T09:10:08+00:00\" \/>\n<meta property=\"og:image\" content=\"https:\/\/www.caracolabrunch.es\/wp-content\/uploads\/2025\/01\/CARACOLA-28-scaled.jpg\" \/>\n\t<meta property=\"og:image:width\" content=\"2143\" \/>\n\t<meta property=\"og:image:height\" content=\"3000\" \/>\n\t<meta property=\"og:image:type\" content=\"image\/jpeg\" \/>\n<meta name=\"twitter:card\" content=\"summary_large_image\" \/>\n<meta name=\"twitter:label1\" content=\"Tiempo de lectura\" \/>\n\t<meta name=\"twitter:data1\" content=\"1 minuto\" \/>\n<script type=\"application\/ld+json\" class=\"yoast-schema-graph\">{\"@context\":\"https:\/\/schema.org\",\"@graph\":[{\"@type\":\"WebPage\",\"@id\":\"https:\/\/www.caracolabrunch.es\/producto\/toast-with-tomato-ham-iberian-ham\/\",\"url\":\"https:\/\/www.caracolabrunch.es\/producto\/toast-with-tomato-ham-iberian-ham\/\",\"name\":\"Toast with tomato and Guijuelo Iberian ham - CARACOLA BRUNCH\",\"isPartOf\":{\"@id\":\"https:\/\/www.caracolabrunch.es\/#website\"},\"primaryImageOfPage\":{\"@id\":\"https:\/\/www.caracolabrunch.es\/producto\/toast-with-tomato-ham-iberian-ham\/#primaryimage\"},\"image\":{\"@id\":\"https:\/\/www.caracolabrunch.es\/producto\/toast-with-tomato-ham-iberian-ham\/#primaryimage\"},\"thumbnailUrl\":\"https:\/\/www.caracolabrunch.es\/wp-content\/uploads\/2025\/01\/CARACOLA-28-scaled.jpg\",\"datePublished\":\"2025-01-13T12:40:18+00:00\",\"dateModified\":\"2025-12-09T09:10:08+00:00\",\"description\":\"Toast with tomato and Guijuelo Iberian ham CARACOLA BRUNCH\",\"breadcrumb\":{\"@id\":\"https:\/\/www.caracolabrunch.es\/producto\/toast-with-tomato-ham-iberian-ham\/#breadcrumb\"},\"inLanguage\":\"es\",\"potentialAction\":[{\"@type\":\"ReadAction\",\"target\":[\"https:\/\/www.caracolabrunch.es\/producto\/toast-with-tomato-ham-iberian-ham\/\"]}]},{\"@type\":\"ImageObject\",\"inLanguage\":\"es\",\"@id\":\"https:\/\/www.caracolabrunch.es\/producto\/toast-with-tomato-ham-iberian-ham\/#primaryimage\",\"url\":\"https:\/\/www.caracolabrunch.es\/wp-content\/uploads\/2025\/01\/CARACOLA-28-scaled.jpg\",\"contentUrl\":\"https:\/\/www.caracolabrunch.es\/wp-content\/uploads\/2025\/01\/CARACOLA-28-scaled.jpg\",\"width\":2143,\"height\":3000,\"caption\":\"Tosta con tomate y jam\u00f3n ib\u00e9rico de Guijuelo\"},{\"@type\":\"BreadcrumbList\",\"@id\":\"https:\/\/www.caracolabrunch.es\/producto\/toast-with-tomato-ham-iberian-ham\/#breadcrumb\",\"itemListElement\":[{\"@type\":\"ListItem\",\"position\":1,\"name\":\"Portada\",\"item\":\"https:\/\/www.caracolabrunch.es\/\"},{\"@type\":\"ListItem\",\"position\":2,\"name\":\"Shop\",\"item\":\"https:\/\/www.caracolabrunch.es\/shop\/\"},{\"@type\":\"ListItem\",\"position\":3,\"name\":\"Toast with tomato and Guijuelo Iberian ham\"}]},{\"@type\":\"WebSite\",\"@id\":\"https:\/\/www.caracolabrunch.es\/#website\",\"url\":\"https:\/\/www.caracolabrunch.es\/\",\"name\":\"CARACOLA BRUNCH\",\"description\":\"THE BEST BRUNCH IN CITY\",\"publisher\":{\"@id\":\"https:\/\/www.caracolabrunch.es\/#organization\"},\"potentialAction\":[{\"@type\":\"SearchAction\",\"target\":{\"@type\":\"EntryPoint\",\"urlTemplate\":\"https:\/\/www.caracolabrunch.es\/?s={search_term_string}\"},\"query-input\":{\"@type\":\"PropertyValueSpecification\",\"valueRequired\":true,\"valueName\":\"search_term_string\"}}],\"inLanguage\":\"es\"},{\"@type\":\"Organization\",\"@id\":\"https:\/\/www.caracolabrunch.es\/#organization\",\"name\":\"CARACOLA BRUNCH\",\"url\":\"https:\/\/www.caracolabrunch.es\/\",\"logo\":{\"@type\":\"ImageObject\",\"inLanguage\":\"es\",\"@id\":\"https:\/\/www.caracolabrunch.es\/#\/schema\/logo\/image\/\",\"url\":\"https:\/\/www.caracolabrunch.es\/wp-content\/uploads\/2025\/01\/CaracolaCoffeBrunch-1.png\",\"contentUrl\":\"https:\/\/www.caracolabrunch.es\/wp-content\/uploads\/2025\/01\/CaracolaCoffeBrunch-1.png\",\"width\":10657,\"height\":4500,\"caption\":\"CARACOLA BRUNCH\"},\"image\":{\"@id\":\"https:\/\/www.caracolabrunch.es\/#\/schema\/logo\/image\/\"}}]}<\/script>\n<!-- \/ Yoast SEO plugin. -->","yoast_head_json":{"title":"Toast with tomato and Guijuelo Iberian ham - CARACOLA BRUNCH","description":"Toast with tomato and Guijuelo Iberian ham CARACOLA BRUNCH","robots":{"index":"index","follow":"follow","max-snippet":"max-snippet:-1","max-image-preview":"max-image-preview:large","max-video-preview":"max-video-preview:-1"},"canonical":"https:\/\/www.caracolabrunch.es\/es\/producto\/toast-with-tomato-ham-iberian-ham\/","og_locale":"es_ES","og_type":"article","og_title":"Toast with tomato and Guijuelo Iberian ham - CARACOLA BRUNCH","og_description":"Toast with tomato and Guijuelo Iberian ham CARACOLA BRUNCH","og_url":"https:\/\/www.caracolabrunch.es\/es\/producto\/toast-with-tomato-ham-iberian-ham\/","og_site_name":"CARACOLA BRUNCH","article_modified_time":"2025-12-09T09:10:08+00:00","og_image":[{"url":"https:\/\/www.caracolabrunch.es\/wp-content\/uploads\/2025\/01\/CARACOLA-28-scaled.jpg","width":2143,"height":3000,"type":"image\/jpeg"}],"twitter_card":"summary_large_image","twitter_misc":{"Tiempo de lectura":"1 minuto"},"schema":{"@context":"https:\/\/schema.org","@graph":[{"@type":"WebPage","@id":"https:\/\/www.caracolabrunch.es\/producto\/toast-with-tomato-ham-iberian-ham\/","url":"https:\/\/www.caracolabrunch.es\/producto\/toast-with-tomato-ham-iberian-ham\/","name":"Toast with tomato and Guijuelo Iberian ham - CARACOLA BRUNCH","isPartOf":{"@id":"https:\/\/www.caracolabrunch.es\/#website"},"primaryImageOfPage":{"@id":"https:\/\/www.caracolabrunch.es\/producto\/toast-with-tomato-ham-iberian-ham\/#primaryimage"},"image":{"@id":"https:\/\/www.caracolabrunch.es\/producto\/toast-with-tomato-ham-iberian-ham\/#primaryimage"},"thumbnailUrl":"https:\/\/www.caracolabrunch.es\/wp-content\/uploads\/2025\/01\/CARACOLA-28-scaled.jpg","datePublished":"2025-01-13T12:40:18+00:00","dateModified":"2025-12-09T09:10:08+00:00","description":"Toast with tomato and Guijuelo Iberian ham CARACOLA BRUNCH","breadcrumb":{"@id":"https:\/\/www.caracolabrunch.es\/producto\/toast-with-tomato-ham-iberian-ham\/#breadcrumb"},"inLanguage":"es","potentialAction":[{"@type":"ReadAction","target":["https:\/\/www.caracolabrunch.es\/producto\/toast-with-tomato-ham-iberian-ham\/"]}]},{"@type":"ImageObject","inLanguage":"es","@id":"https:\/\/www.caracolabrunch.es\/producto\/toast-with-tomato-ham-iberian-ham\/#primaryimage","url":"https:\/\/www.caracolabrunch.es\/wp-content\/uploads\/2025\/01\/CARACOLA-28-scaled.jpg","contentUrl":"https:\/\/www.caracolabrunch.es\/wp-content\/uploads\/2025\/01\/CARACOLA-28-scaled.jpg","width":2143,"height":3000,"caption":"Tosta con tomate y jam\u00f3n ib\u00e9rico de Guijuelo"},{"@type":"BreadcrumbList","@id":"https:\/\/www.caracolabrunch.es\/producto\/toast-with-tomato-ham-iberian-ham\/#breadcrumb","itemListElement":[{"@type":"ListItem","position":1,"name":"Portada","item":"https:\/\/www.caracolabrunch.es\/"},{"@type":"ListItem","position":2,"name":"Shop","item":"https:\/\/www.caracolabrunch.es\/shop\/"},{"@type":"ListItem","position":3,"name":"Toast with tomato and Guijuelo Iberian ham"}]},{"@type":"WebSite","@id":"https:\/\/www.caracolabrunch.es\/#website","url":"https:\/\/www.caracolabrunch.es\/","name":"CARACOLA BRUNCH","description":"THE BEST BRUNCH IN CITY","publisher":{"@id":"https:\/\/www.caracolabrunch.es\/#organization"},"potentialAction":[{"@type":"SearchAction","target":{"@type":"EntryPoint","urlTemplate":"https:\/\/www.caracolabrunch.es\/?s={search_term_string}"},"query-input":{"@type":"PropertyValueSpecification","valueRequired":true,"valueName":"search_term_string"}}],"inLanguage":"es"},{"@type":"Organization","@id":"https:\/\/www.caracolabrunch.es\/#organization","name":"CARACOLA BRUNCH","url":"https:\/\/www.caracolabrunch.es\/","logo":{"@type":"ImageObject","inLanguage":"es","@id":"https:\/\/www.caracolabrunch.es\/#\/schema\/logo\/image\/","url":"https:\/\/www.caracolabrunch.es\/wp-content\/uploads\/2025\/01\/CaracolaCoffeBrunch-1.png","contentUrl":"https:\/\/www.caracolabrunch.es\/wp-content\/uploads\/2025\/01\/CaracolaCoffeBrunch-1.png","width":10657,"height":4500,"caption":"CARACOLA BRUNCH"},"image":{"@id":"https:\/\/www.caracolabrunch.es\/#\/schema\/logo\/image\/"}}]}},"_links":{"self":[{"href":"https:\/\/www.caracolabrunch.es\/es\/wp-json\/wp\/v2\/product\/3252","targetHints":{"allow":["GET"]}}],"collection":[{"href":"https:\/\/www.caracolabrunch.es\/es\/wp-json\/wp\/v2\/product"}],"about":[{"href":"https:\/\/www.caracolabrunch.es\/es\/wp-json\/wp\/v2\/types\/product"}],"wp:featuredmedia":[{"embeddable":true,"href":"https:\/\/www.caracolabrunch.es\/es\/wp-json\/wp\/v2\/media\/3378"}],"wp:attachment":[{"href":"https:\/\/www.caracolabrunch.es\/es\/wp-json\/wp\/v2\/media?parent=3252"}],"wp:term":[{"taxonomy":"product_cat","embeddable":true,"href":"https:\/\/www.caracolabrunch.es\/es\/wp-json\/wp\/v2\/product_cat?post=3252"},{"taxonomy":"product_tag","embeddable":true,"href":"https:\/\/www.caracolabrunch.es\/es\/wp-json\/wp\/v2\/product_tag?post=3252"}],"curies":[{"name":"wp","href":"https:\/\/api.w.org\/{rel}","templated":true}]}}